{"id":461,"date":"2024-05-14T11:45:16","date_gmt":"2024-05-14T11:45:16","guid":{"rendered":"https:\/\/repository.volare-project.eu\/innovation-sustainability\/"},"modified":"2024-05-27T07:59:30","modified_gmt":"2024-05-27T07:59:30","slug":"innovation-durabilite","status":"publish","type":"page","link":"https:\/\/repository.volare-project.eu\/fr\/innovation-durabilite\/","title":{"rendered":"Innovation &#038; Durabilit\u00e9"},"content":{"rendered":"<div class=\"wpb-content-wrapper\"><p>[vc_row css=\u00a0\u00bb.vc_custom_1715773634326{padding-top: 20px !important;}\u00a0\u00bb][vc_column][vc_column_text css=\u00a0\u00bb\u00a0\u00bb]<\/p>\n<h2>INNOVATION<\/h2>\n<p>[\/vc_column_text][vc_column_text css=\u00a0\u00bb\u00a0\u00bb]La cr\u00e9ation de mat\u00e9riel p\u00e9dagogique flexible, bas\u00e9 sur les t\u00e9moignages d&rsquo;informateurs de terrain et de mat\u00e9riel audiovisuel de recherche, rend notre projet tr\u00e8s innovant. Ce mat\u00e9riel constituera une base de donn\u00e9es \u00e9tendue qui abordera \u00e0 la fois l&rsquo;exp\u00e9rience du d\u00e9placement et les d\u00e9fis \u00e9ducatifs rencontr\u00e9s dans le domaine de l&rsquo;\u00e9ducation MRM et une bo\u00eete \u00e0 outils de recommandations qui s&rsquo;attaquent au manque de sensibilisation et de m\u00e9thodologies pour enseigner avec\/sur la diversit\u00e9 des \u00e9tudiants.<\/p>\n<p>L\u2019innovation de la proposition r\u00e9side donc dans les pr\u00e9misses suivantes\u00a0:<\/p>\n<ul>\n<li>il consid\u00e8re l&rsquo;\u00e9ducation num\u00e9rique comme un processus social int\u00e9gr\u00e9 et non comme un processus technologique bas\u00e9 sur des donn\u00e9es\u00a0;<\/li>\n<li>il propose une m\u00e9thodologie qui lie l&rsquo;\u00e9ducation \u00e0 l&rsquo;ethnologie et \u00e0 la num\u00e9rique, qui remet en question le concept m\u00eame de l&rsquo;\u00e9ducation occidentale comme d\u00e9pendante des cultures du livre, promouvant la mobilisation affective et reconnaissant les multilitt\u00e9raties ;<\/li>\n<li>il cr\u00e9e un r\u00e9f\u00e9rentiel de mat\u00e9riel p\u00e9dagogique interconnect\u00e9 provenant des voix d&rsquo;individus sp\u00e9cifiques recueillies dans le cadre de la recherche ethnographique ;<\/li>\n<li>il offre une perspective \u00e9largie sur l&rsquo;\u00e9ducation en tant qu&rsquo;anthropologie appliqu\u00e9e, en proposant un ensemble de mat\u00e9riels ethnographiques et trait\u00e9s de mani\u00e8re multimodale comme base pour comprendre la diversit\u00e9 socioculturelle et y r\u00e9pondre ;<\/li>\n<li>il fait r\u00e9f\u00e9rence \u00e0 une zone g\u00e9ographique sous-\u00e9tudi\u00e9e et sous-repr\u00e9sent\u00e9e, et r\u00e9pond \u00e0 ses besoins en mati\u00e8re de renforcement des capacit\u00e9s num\u00e9riques ;<\/li>\n<li>il cr\u00e9era un inventaire \u00e9lectronique et une bo\u00eete \u00e0 outils concise de m\u00e9thodologies exp\u00e9rimentales et de bonnes pratiques adapt\u00e9es aux classes de minorit\u00e9s, de migrants et de r\u00e9fugi\u00e9s (\u00e0 la fois dans le r\u00e9f\u00e9rentiel et dans le livre \u00e9lectronique qui r\u00e9sultera du projet)<\/li>\n<li>la structure du r\u00e9f\u00e9rentiel co\u00efncide avec les perspectives r\u00e9centes de l&rsquo;\u00e9ducation en ligne pour de petits n\u0153uds d&rsquo;information \u00ab de petite taille \u00bb qui ont le potentiel de donner lieu \u00e0 des cours modulaires qui satisfont les besoins d&rsquo;un large \u00e9ventail d&rsquo;utilisateurs et d\u00e9fient la logique du pr\u00e9- des enseignements structur\u00e9s et rigides dans l\u2019enseignement secondaire et sup\u00e9rieur.<\/li>\n<\/ul>\n<p>[\/vc_column_text][vc_row_inner el_class=\u00a0\u00bbsection-image-container\u00a0\u00bb][vc_column_inner][vc_raw_html css=\u00a0\u00bb\u00a0\u00bb]JTNDc3ZnJTIweG1sbnMlM0QlMjJodHRwJTNBJTJGJTJGd3d3LnczLm9yZyUyRjIwMDAlMkZzdmclMjIlMjB2ZXJzaW9uJTNEJTIyMS4xJTIyJTIwc3R5bGUlM0QlMjJzaGFwZS1yZW5kZXJpbmclM0FnZW9tZXRyaWNQcmVjaXNpb24lM0IlMjB0ZXh0LXJlbmRlcmluZyUzQWdlb21ldHJpY1ByZWNpc2lvbiUzQiUyMGltYWdlLXJlbmRlcmluZyUzQW9wdGltaXplUXVhbGl0eSUzQiUyMGZpbGwtcnVsZSUzQWV2ZW5vZGQlM0IlMjBjbGlwLXJ1bGUlM0FldmVub2RkJTIyJTIweG1sbnMlM0F4bGluayUzRCUyMmh0dHAlM0ElMkYlMkZ3d3cudzMub3JnJTJGMTk5OSUyRnhsaW5rJTIyJTIwdmlld0JveCUzRCUyMjAlMjAwJTIwMjAwJTIwMTg0JTIyJTNFJTBBJTNDZyUzRSUzQ3BhdGglMjBkJTNEJTIyTSUyMDkzLjUlMkMwLjUlMjBDJTIwMTEyLjg0NCUyQzAuNTYyMDgzJTIwMTMwLjE3NyUyQzYuNzI4NzUlMjAxNDUuNSUyQzE5QyUyMDE2My4yNzUlMkMzMy4zODIxJTIwMTc3LjEwOCUyQzUwLjg4MjElMjAxODclMkM3MS41QyUyMDE5NS42NTYlMkM5NC4yMTgxJTIwMTk2LjY1NiUyQzExNy4yMTglMjAxOTAlMkMxNDAuNUMlMjAxNzkuODQzJTJDMTYxLjM0NiUyMDE2My4zNDMlMkMxNzQuMTc5JTIwMTQwLjUlMkMxNzlDJTIwMTE4LjIyOCUyQzE4My4yMjclMjA5NS44OTQ2JTJDMTgzLjU2MSUyMDczLjUlMkMxODBDJTIwMzUuMzkwNyUyQzE2OS4yMjQlMjAxMi41NTc0JTJDMTQ0LjM5JTIwNSUyQzEwNS41QyUyMDMuMDQ0ODIlMkM3NC40MTglMjAxMy41NDQ4JTJDNDguNDE4JTIwMzYuNSUyQzI3LjVDJTIwNTIuNjEzNyUyQzEyLjI3NTIlMjA3MS42MTM3JTJDMy4yNzUyJTIwOTMuNSUyQzAuNSUyMFolMjIlMkYlM0UlM0MlMkZnJTNFJTBBJTNDJTJGc3ZnJTNF[\/vc_raw_html][vc_single_image image=\u00a0\u00bb40&Prime; img_size=\u00a0\u00bblarge\u00a0\u00bb css=\u00a0\u00bb\u00a0\u00bb el_class=\u00a0\u00bbsection-image\u00a0\u00bb][\/vc_column_inner][\/vc_row_inner][\/vc_column][\/vc_row][vc_row full_width=\u00a0\u00bbstretch_row\u00a0\u00bb css=\u00a0\u00bb.vc_custom_1716553395099{padding-top: 10px !important;background-color: #ffffff !important;}\u00a0\u00bb][vc_column][vc_column_text css=\u00a0\u00bb\u00a0\u00bb]<\/p>\n<h2>DURABILIT\u00c9<\/h2>\n<p>[\/vc_column_text][vc_column_text css=\u00a0\u00bb\u00a0\u00bb]Assurer la p\u00e9rennit\u00e9 du projet est un aspect crucial de sa r\u00e9ussite. Le projet vise \u00e0 contribuer au d\u00e9veloppement des organisations impliqu\u00e9es sur le long terme en renfor\u00e7ant les capacit\u00e9s des organisations participantes en mati\u00e8re de gestion de projet, d&rsquo;engagement civique et d&rsquo;outils num\u00e9riques. Les connaissances et comp\u00e9tences acquises gr\u00e2ce au projet seront transf\u00e9rables \u00e0 d&rsquo;autres projets et activit\u00e9s et contribueront au d\u00e9veloppement \u00e0 long terme des organisations. En outre, le projet vise \u00e0 \u00e9tablir et \u00e0 renforcer des partenariats entre les organisations participantes, ce qui offrira des opportunit\u00e9s de collaborations futures et d&rsquo;initiatives conjointes, contribuant ainsi \u00e0 la durabilit\u00e9 des r\u00e9sultats du projet. En outre, le projet d\u00e9veloppera divers r\u00e9sultats, tels que le r\u00e9f\u00e9rentiel, des outils num\u00e9riques et un livre \u00e9lectronique sur les m\u00e9thodologies innovantes et les bonnes pratiques. Ces r\u00e9sultats seront mis \u00e0 la disposition du public et des parties prenantes concern\u00e9es, contribuant ainsi \u00e0 la diffusion des r\u00e9sultats du projet et \u00e0 la durabilit\u00e9 de ses r\u00e9sultats. Enfin, le projet explorera le potentiel d&rsquo;activit\u00e9s de suivi, telles que des sessions de formation ou des initiatives conjointes, pour tirer davantage parti des r\u00e9alisations du projet et poursuivre la collaboration entre les partenaires. Les partenaires discuteront et se mettront d&rsquo;accord sur les activit\u00e9s de suivi pendant la mise en \u0153uvre du projet, garantissant leur faisabilit\u00e9 et leur impact \u00e0 long terme.[\/vc_column_text][\/vc_column][\/vc_row]<\/p>\n<\/div>","protected":false},"excerpt":{"rendered":"<p>[vc_row css=\u00a0\u00bb.vc_custom_1715773634326{padding-top: 20px !important;}\u00a0\u00bb][vc_column][vc_column_text css=\u00a0\u00bb\u00a0\u00bb] INNOVATION [\/vc_column_text][vc_column_text css=\u00a0\u00bb\u00a0\u00bb]La cr\u00e9ation de mat\u00e9riel p\u00e9dagogique flexible, bas\u00e9 sur les t\u00e9moignages d&rsquo;informateurs de terrain et de mat\u00e9riel audiovisuel de recherche, rend notre projet tr\u00e8s innovant. Ce mat\u00e9riel constituera une base de donn\u00e9es \u00e9tendue qui abordera \u00e0 la fois l&rsquo;exp\u00e9rience du d\u00e9placement et les d\u00e9fis \u00e9ducatifs rencontr\u00e9s dans le domaine<\/p>\n","protected":false},"author":1,"featured_media":393,"parent":0,"menu_order":0,"comment_status":"closed","ping_status":"closed","template":"","meta":{"_acf_changed":false,"footnotes":""},"class_list":["post-461","page","type-page","status-publish","has-post-thumbnail","hentry"],"acf":[],"yoast_head":"<!-- This site is optimized with the Yoast SEO plugin v26.2 - https:\/\/yoast.com\/wordpress\/plugins\/seo\/ -->\n<title>Innovation &amp; Durabilit\u00e9 - Volare Repositroy<\/title>\n<meta name=\"robots\" content=\"index, follow, max-snippet:-1, max-image-preview:large, max-video-preview:-1\" \/>\n<link rel=\"canonical\" href=\"https:\/\/repository.volare-project.eu\/?page_id=51\" \/>\n<meta property=\"og:locale\" content=\"fr_FR\" \/>\n<meta property=\"og:type\" content=\"article\" \/>\n<meta property=\"og:title\" content=\"Innovation &amp; Durabilit\u00e9 - Volare Repositroy\" \/>\n<meta property=\"og:description\" content=\"[vc_row css=\u00a0\u00bb.vc_custom_1715773634326{padding-top: 20px !important;}\u00a0\u00bb][vc_column][vc_column_text css=\u00a0\u00bb\u00a0\u00bb] INNOVATION [\/vc_column_text][vc_column_text css=\u00a0\u00bb\u00a0\u00bb]La cr\u00e9ation de mat\u00e9riel p\u00e9dagogique flexible, bas\u00e9 sur les t\u00e9moignages d&rsquo;informateurs de terrain et de mat\u00e9riel audiovisuel de recherche, rend notre projet tr\u00e8s innovant. Ce mat\u00e9riel constituera une base de donn\u00e9es \u00e9tendue qui abordera \u00e0 la fois l&rsquo;exp\u00e9rience du d\u00e9placement et les d\u00e9fis \u00e9ducatifs rencontr\u00e9s dans le domaine\" \/>\n<meta property=\"og:url\" content=\"https:\/\/repository.volare-project.eu\/?page_id=51\" \/>\n<meta property=\"og:site_name\" content=\"Volare Repositroy\" \/>\n<meta property=\"article:modified_time\" content=\"2024-05-27T07:59:30+00:00\" \/>\n<meta property=\"og:image\" content=\"https:\/\/repository.volare-project.eu\/wp-content\/uploads\/2024\/05\/header-2.jpg\" \/>\n\t<meta property=\"og:image:width\" content=\"2040\" \/>\n\t<meta property=\"og:image:height\" content=\"1530\" \/>\n\t<meta property=\"og:image:type\" content=\"image\/jpeg\" \/>\n<meta name=\"twitter:card\" content=\"summary_large_image\" \/>\n<meta name=\"twitter:label1\" content=\"Dur\u00e9e de lecture estim\u00e9e\" \/>\n\t<meta name=\"twitter:data1\" content=\"4 minutes\" \/>\n<script type=\"application\/ld+json\" class=\"yoast-schema-graph\">{\"@context\":\"https:\/\/schema.org\",\"@graph\":[{\"@type\":\"WebPage\",\"@id\":\"https:\/\/repository.volare-project.eu\/?page_id=51\",\"url\":\"https:\/\/repository.volare-project.eu\/?page_id=51\",\"name\":\"Innovation & Durabilit\u00e9 - Volare Repositroy\",\"isPartOf\":{\"@id\":\"https:\/\/repository.volare-project.eu\/#website\"},\"primaryImageOfPage\":{\"@id\":\"https:\/\/repository.volare-project.eu\/?page_id=51#primaryimage\"},\"image\":{\"@id\":\"https:\/\/repository.volare-project.eu\/?page_id=51#primaryimage\"},\"thumbnailUrl\":\"https:\/\/repository.volare-project.eu\/wp-content\/uploads\/2024\/05\/header-2.jpg\",\"datePublished\":\"2024-05-14T11:45:16+00:00\",\"dateModified\":\"2024-05-27T07:59:30+00:00\",\"breadcrumb\":{\"@id\":\"https:\/\/repository.volare-project.eu\/?page_id=51#breadcrumb\"},\"inLanguage\":\"fr-FR\",\"potentialAction\":[{\"@type\":\"ReadAction\",\"target\":[\"https:\/\/repository.volare-project.eu\/?page_id=51\"]}]},{\"@type\":\"ImageObject\",\"inLanguage\":\"fr-FR\",\"@id\":\"https:\/\/repository.volare-project.eu\/?page_id=51#primaryimage\",\"url\":\"https:\/\/repository.volare-project.eu\/wp-content\/uploads\/2024\/05\/header-2.jpg\",\"contentUrl\":\"https:\/\/repository.volare-project.eu\/wp-content\/uploads\/2024\/05\/header-2.jpg\",\"width\":2040,\"height\":1530},{\"@type\":\"BreadcrumbList\",\"@id\":\"https:\/\/repository.volare-project.eu\/?page_id=51#breadcrumb\",\"itemListElement\":[{\"@type\":\"ListItem\",\"position\":1,\"name\":\"Home\",\"item\":\"https:\/\/repository.volare-project.eu\/fr\/\"},{\"@type\":\"ListItem\",\"position\":2,\"name\":\"Innovation &#038; Durabilit\u00e9\"}]},{\"@type\":\"WebSite\",\"@id\":\"https:\/\/repository.volare-project.eu\/#website\",\"url\":\"https:\/\/repository.volare-project.eu\/\",\"name\":\"Volare Repositroy\",\"description\":\"\",\"publisher\":{\"@id\":\"https:\/\/repository.volare-project.eu\/#organization\"},\"potentialAction\":[{\"@type\":\"SearchAction\",\"target\":{\"@type\":\"EntryPoint\",\"urlTemplate\":\"https:\/\/repository.volare-project.eu\/?s={search_term_string}\"},\"query-input\":{\"@type\":\"PropertyValueSpecification\",\"valueRequired\":true,\"valueName\":\"search_term_string\"}}],\"inLanguage\":\"fr-FR\"},{\"@type\":\"Organization\",\"@id\":\"https:\/\/repository.volare-project.eu\/#organization\",\"name\":\"Volare Repositroy\",\"url\":\"https:\/\/repository.volare-project.eu\/\",\"logo\":{\"@type\":\"ImageObject\",\"inLanguage\":\"fr-FR\",\"@id\":\"https:\/\/repository.volare-project.eu\/#\/schema\/logo\/image\/\",\"url\":\"https:\/\/repository.volare-project.eu\/wp-content\/uploads\/2024\/05\/logo-volare.png\",\"contentUrl\":\"https:\/\/repository.volare-project.eu\/wp-content\/uploads\/2024\/05\/logo-volare.png\",\"width\":400,\"height\":285,\"caption\":\"Volare Repositroy\"},\"image\":{\"@id\":\"https:\/\/repository.volare-project.eu\/#\/schema\/logo\/image\/\"}}]}<\/script>\n<!-- \/ Yoast SEO plugin. -->","yoast_head_json":{"title":"Innovation & Durabilit\u00e9 - Volare Repositroy","robots":{"index":"index","follow":"follow","max-snippet":"max-snippet:-1","max-image-preview":"max-image-preview:large","max-video-preview":"max-video-preview:-1"},"canonical":"https:\/\/repository.volare-project.eu\/?page_id=51","og_locale":"fr_FR","og_type":"article","og_title":"Innovation & Durabilit\u00e9 - Volare Repositroy","og_description":"[vc_row css=\u00a0\u00bb.vc_custom_1715773634326{padding-top: 20px !important;}\u00a0\u00bb][vc_column][vc_column_text css=\u00a0\u00bb\u00a0\u00bb] INNOVATION [\/vc_column_text][vc_column_text css=\u00a0\u00bb\u00a0\u00bb]La cr\u00e9ation de mat\u00e9riel p\u00e9dagogique flexible, bas\u00e9 sur les t\u00e9moignages d&rsquo;informateurs de terrain et de mat\u00e9riel audiovisuel de recherche, rend notre projet tr\u00e8s innovant. Ce mat\u00e9riel constituera une base de donn\u00e9es \u00e9tendue qui abordera \u00e0 la fois l&rsquo;exp\u00e9rience du d\u00e9placement et les d\u00e9fis \u00e9ducatifs rencontr\u00e9s dans le domaine","og_url":"https:\/\/repository.volare-project.eu\/?page_id=51","og_site_name":"Volare Repositroy","article_modified_time":"2024-05-27T07:59:30+00:00","og_image":[{"width":2040,"height":1530,"url":"https:\/\/repository.volare-project.eu\/wp-content\/uploads\/2024\/05\/header-2.jpg","type":"image\/jpeg"}],"twitter_card":"summary_large_image","twitter_misc":{"Dur\u00e9e de lecture estim\u00e9e":"4 minutes"},"schema":{"@context":"https:\/\/schema.org","@graph":[{"@type":"WebPage","@id":"https:\/\/repository.volare-project.eu\/?page_id=51","url":"https:\/\/repository.volare-project.eu\/?page_id=51","name":"Innovation & Durabilit\u00e9 - Volare Repositroy","isPartOf":{"@id":"https:\/\/repository.volare-project.eu\/#website"},"primaryImageOfPage":{"@id":"https:\/\/repository.volare-project.eu\/?page_id=51#primaryimage"},"image":{"@id":"https:\/\/repository.volare-project.eu\/?page_id=51#primaryimage"},"thumbnailUrl":"https:\/\/repository.volare-project.eu\/wp-content\/uploads\/2024\/05\/header-2.jpg","datePublished":"2024-05-14T11:45:16+00:00","dateModified":"2024-05-27T07:59:30+00:00","breadcrumb":{"@id":"https:\/\/repository.volare-project.eu\/?page_id=51#breadcrumb"},"inLanguage":"fr-FR","potentialAction":[{"@type":"ReadAction","target":["https:\/\/repository.volare-project.eu\/?page_id=51"]}]},{"@type":"ImageObject","inLanguage":"fr-FR","@id":"https:\/\/repository.volare-project.eu\/?page_id=51#primaryimage","url":"https:\/\/repository.volare-project.eu\/wp-content\/uploads\/2024\/05\/header-2.jpg","contentUrl":"https:\/\/repository.volare-project.eu\/wp-content\/uploads\/2024\/05\/header-2.jpg","width":2040,"height":1530},{"@type":"BreadcrumbList","@id":"https:\/\/repository.volare-project.eu\/?page_id=51#breadcrumb","itemListElement":[{"@type":"ListItem","position":1,"name":"Home","item":"https:\/\/repository.volare-project.eu\/fr\/"},{"@type":"ListItem","position":2,"name":"Innovation &#038; Durabilit\u00e9"}]},{"@type":"WebSite","@id":"https:\/\/repository.volare-project.eu\/#website","url":"https:\/\/repository.volare-project.eu\/","name":"Volare Repositroy","description":"","publisher":{"@id":"https:\/\/repository.volare-project.eu\/#organization"},"potentialAction":[{"@type":"SearchAction","target":{"@type":"EntryPoint","urlTemplate":"https:\/\/repository.volare-project.eu\/?s={search_term_string}"},"query-input":{"@type":"PropertyValueSpecification","valueRequired":true,"valueName":"search_term_string"}}],"inLanguage":"fr-FR"},{"@type":"Organization","@id":"https:\/\/repository.volare-project.eu\/#organization","name":"Volare Repositroy","url":"https:\/\/repository.volare-project.eu\/","logo":{"@type":"ImageObject","inLanguage":"fr-FR","@id":"https:\/\/repository.volare-project.eu\/#\/schema\/logo\/image\/","url":"https:\/\/repository.volare-project.eu\/wp-content\/uploads\/2024\/05\/logo-volare.png","contentUrl":"https:\/\/repository.volare-project.eu\/wp-content\/uploads\/2024\/05\/logo-volare.png","width":400,"height":285,"caption":"Volare Repositroy"},"image":{"@id":"https:\/\/repository.volare-project.eu\/#\/schema\/logo\/image\/"}}]}},"_links":{"self":[{"href":"https:\/\/repository.volare-project.eu\/fr\/wp-json\/wp\/v2\/pages\/461","targetHints":{"allow":["GET"]}}],"collection":[{"href":"https:\/\/repository.volare-project.eu\/fr\/wp-json\/wp\/v2\/pages"}],"about":[{"href":"https:\/\/repository.volare-project.eu\/fr\/wp-json\/wp\/v2\/types\/page"}],"author":[{"embeddable":true,"href":"https:\/\/repository.volare-project.eu\/fr\/wp-json\/wp\/v2\/users\/1"}],"replies":[{"embeddable":true,"href":"https:\/\/repository.volare-project.eu\/fr\/wp-json\/wp\/v2\/comments?post=461"}],"version-history":[{"count":2,"href":"https:\/\/repository.volare-project.eu\/fr\/wp-json\/wp\/v2\/pages\/461\/revisions"}],"predecessor-version":[{"id":490,"href":"https:\/\/repository.volare-project.eu\/fr\/wp-json\/wp\/v2\/pages\/461\/revisions\/490"}],"wp:featuredmedia":[{"embeddable":true,"href":"https:\/\/repository.volare-project.eu\/fr\/wp-json\/wp\/v2\/media\/393"}],"wp:attachment":[{"href":"https:\/\/repository.volare-project.eu\/fr\/wp-json\/wp\/v2\/media?parent=461"}],"curies":[{"name":"wp","href":"https:\/\/api.w.org\/{rel}","templated":true}]}}